{"id":394,"date":"2020-05-14T17:43:28","date_gmt":"2020-05-14T17:43:28","guid":{"rendered":"https:\/\/rightsreporter.net\/?page_id=394"},"modified":"2020-12-07T15:21:15","modified_gmt":"2020-12-07T15:21:15","slug":"kampanyok","status":"publish","type":"page","link":"https:\/\/rightsreporter.net\/hu\/kampanyok\/","title":{"rendered":"Kamp\u00e1nyok"},"content":{"rendered":"\n<div class=\"wp-block-image\"><figure class=\"alignleft size-full\"><img loading=\"lazy\" decoding=\"async\" width=\"1920\" height=\"1080\" src=\"https:\/\/rightsreporter.net\/wp-content\/uploads\/sites\/7\/2020\/05\/networking.jpg\" alt=\"\" class=\"wp-image-433\" srcset=\"https:\/\/rightsreporter.net\/wp-content\/uploads\/sites\/7\/2020\/05\/networking.jpg 1920w, https:\/\/rightsreporter.net\/wp-content\/uploads\/sites\/7\/2020\/05\/networking-300x169.jpg 300w, https:\/\/rightsreporter.net\/wp-content\/uploads\/sites\/7\/2020\/05\/networking-1024x576.jpg 1024w, https:\/\/rightsreporter.net\/wp-content\/uploads\/sites\/7\/2020\/05\/networking-768x432.jpg 768w, https:\/\/rightsreporter.net\/wp-content\/uploads\/sites\/7\/2020\/05\/networking-1536x864.jpg 1536w\" sizes=\"auto, (max-width: 1920px) 100vw, 1920px\" \/><\/figure><\/div>\n\n\n\n<p><\/p>\n\n\n\n<p>Hazai \u00e9s nemzetk\u00f6zi kamp\u00e1nyokat hozunk l\u00e9tre, els\u0151sorban drogpolitikai \u00e9s \u00e1rtalomcs\u00f6kkent\u00e9s f\u00f3kusszal.<\/p>\n\n\n\n<!--more-->\n\n\n\n<h3 class=\"wp-block-heading\">Kamp\u00e1nyaink:<\/h3>\n\n\n\n<div class=\"wp-block-genesis-blocks-gb-columns gb-layout-columns-5 five-column gb-has-custom-background-color\" style=\"background-color:#f2f2f2\"><div class=\"gb-layout-column-wrap gb-block-layout-column-gap-2 gb-is-responsive-column\">\n<div class=\"wp-block-genesis-blocks-gb-column gb-block-layout-column\"><div class=\"gb-block-layout-column-inner\">\n<div class=\"wp-block-image\"><figure class=\"aligncenter size-large\"><img loading=\"lazy\" decoding=\"async\" width=\"1024\" height=\"576\" src=\"https:\/\/rightsreporter.net\/wp-content\/uploads\/sites\/7\/2020\/05\/szoba-1024x576.jpg\" alt=\"\" class=\"wp-image-264\" srcset=\"https:\/\/rightsreporter.net\/wp-content\/uploads\/sites\/7\/2020\/05\/szoba-1024x576.jpg 1024w, https:\/\/rightsreporter.net\/wp-content\/uploads\/sites\/7\/2020\/05\/szoba-300x169.jpg 300w, https:\/\/rightsreporter.net\/wp-content\/uploads\/sites\/7\/2020\/05\/szoba-768x432.jpg 768w, https:\/\/rightsreporter.net\/wp-content\/uploads\/sites\/7\/2020\/05\/szoba-1536x864.jpg 1536w, https:\/\/rightsreporter.net\/wp-content\/uploads\/sites\/7\/2020\/05\/szoba.jpg 1920w\" sizes=\"auto, (max-width: 1024px) 100vw, 1024px\" \/><\/figure><\/div>\n\n\n\n<p><a rel=\"noreferrer noopener\" href=\"https:\/\/szobaanyolcban.org\/\" target=\"_blank\">SZOBA A NYOLCBAN<\/a><\/p>\n\n\n\n<p>Az utcai drogfogyaszt\u00e1s terjed\u00e9se egyre s\u00falyosabb probl\u00e9m\u00e1kat okoz a f\u0151v\u00e1rosnak. A fecskend\u0151k megoszt\u00e1sa miatt terjed a hepatitis \u00e9s a HIV j\u00e1rv\u00e1ny, az eldob\u00e1lt drogszem\u00e9t pedig zavarja a lak\u00f3kat. A megold\u00e1s azonban nem a t\u0171csere bez\u00e1r\u00e1sa, a rend\u0151rs\u00e9g nem fogja tudni elt\u00fcntetni a drogfogyaszt\u00e1st! Olyan higi\u00e9nikus \u00e9s ellen\u0151rz\u00f6tt helyis\u00e9gekre van sz\u00fcks\u00e9g, ahol a fogyaszt\u00f3k steril eszk\u00f6z\u00f6kkel adhatj\u00e1k be a szert, \u00e9s ahonnan a t\u0171k ut\u00e1na nem ker\u00fclhetnek ki az utc\u00e1ra.<\/p>\n<\/div><\/div>\n\n\n\n<div class=\"wp-block-genesis-blocks-gb-column gb-block-layout-column\"><div class=\"gb-block-layout-column-inner\">\n<figure class=\"wp-block-image size-large\"><img loading=\"lazy\" decoding=\"async\" width=\"1024\" height=\"576\" src=\"https:\/\/rightsreporter.net\/wp-content\/uploads\/sites\/7\/2020\/05\/roomforchange-1024x576.jpg\" alt=\"\" class=\"wp-image-282\" srcset=\"https:\/\/rightsreporter.net\/wp-content\/uploads\/sites\/7\/2020\/05\/roomforchange-1024x576.jpg 1024w, https:\/\/rightsreporter.net\/wp-content\/uploads\/sites\/7\/2020\/05\/roomforchange-300x169.jpg 300w, https:\/\/rightsreporter.net\/wp-content\/uploads\/sites\/7\/2020\/05\/roomforchange-768x432.jpg 768w, https:\/\/rightsreporter.net\/wp-content\/uploads\/sites\/7\/2020\/05\/roomforchange-1536x864.jpg 1536w, https:\/\/rightsreporter.net\/wp-content\/uploads\/sites\/7\/2020\/05\/roomforchange.jpg 1920w\" sizes=\"auto, (max-width: 1024px) 100vw, 1024px\" \/><\/figure>\n\n\n\n<p><a rel=\"noreferrer noopener\" href=\"https:\/\/room-for-change.org\/\" target=\"_blank\">EGY HELY A V\u00c1LTOZ\u00c1SRA (ROOM FOR CHANGE)<\/a><\/p>\n\n\n\n<p>Amennyiben olyan szob\u00e1kat hozunk l\u00e9tre, melyekben a k\u00e1b\u00edt\u00f3szerfogyaszt\u00f3k steril eszk\u00f6z\u00f6kkel, ellen\u0151rz\u00f6tt k\u00f6r\u00fclm\u00e9nyek k\u00f6z\u00f6tt fogyaszthatj\u00e1k a szereket &#8211; azzal a t\u00faladagol\u00e1sok, fert\u0151z\u00e9sek kock\u00e1zatai jelent\u0151sen cs\u00f6kkenthet\u0151ek, r\u00e1ad\u00e1sul a drogszem\u00e9t is elt\u0171nik utc\u00e1inkr\u00f3l. A Room for Change kamp\u00e1ny c\u00e9lja, hogy ezt a pragmatikus megk\u00f6zel\u00edt\u00e9st n\u00e9pszer\u0171s\u00edtse a drog probl\u00e9ma kapcs\u00e1n.<\/p>\n<\/div><\/div>\n\n\n\n<div class=\"wp-block-genesis-blocks-gb-column gb-block-layout-column\"><div class=\"gb-block-layout-column-inner\">\n<figure class=\"wp-block-image size-large\"><img loading=\"lazy\" decoding=\"async\" width=\"1024\" height=\"576\" src=\"https:\/\/rightsreporter.net\/wp-content\/uploads\/sites\/7\/2020\/05\/countthecosts-1024x576.jpg\" alt=\"\" class=\"wp-image-285\" srcset=\"https:\/\/rightsreporter.net\/wp-content\/uploads\/sites\/7\/2020\/05\/countthecosts-1024x576.jpg 1024w, https:\/\/rightsreporter.net\/wp-content\/uploads\/sites\/7\/2020\/05\/countthecosts-300x169.jpg 300w, https:\/\/rightsreporter.net\/wp-content\/uploads\/sites\/7\/2020\/05\/countthecosts-768x432.jpg 768w, https:\/\/rightsreporter.net\/wp-content\/uploads\/sites\/7\/2020\/05\/countthecosts-1536x864.jpg 1536w, https:\/\/rightsreporter.net\/wp-content\/uploads\/sites\/7\/2020\/05\/countthecosts.jpg 1920w\" sizes=\"auto, (max-width: 1024px) 100vw, 1024px\" \/><\/figure>\n\n\n\n<p><a href=\"https:\/\/drogriporter.hu\/section\/a-droghaboru-koltsegei-count-the-costs-kampany\/\" target=\"_blank\" rel=\"noreferrer noopener\">A DROGH\u00c1BOR\u00da K\u00d6LTS\u00c9GEI (COUNT THE COSTS)<\/a><\/p>\n\n\n\n<p>A Transform Drug Policy Foundation \u00e1ltal ind\u00edtott kamp\u00e1ny c\u00e9lja a glob\u00e1lis drogtilalom fel\u00f6lvizsg\u00e1lata. A kamp\u00e1nyhoz d\u00edjnyertes filmsorozatot k\u00e9sz\u00edtett\u00fcnk.<\/p>\n<\/div><\/div>\n\n\n\n<div class=\"wp-block-genesis-blocks-gb-column gb-block-layout-column\"><div class=\"gb-block-layout-column-inner\">\n<figure class=\"wp-block-image size-large\"><img loading=\"lazy\" decoding=\"async\" width=\"641\" height=\"362\" src=\"https:\/\/rightsreporter.net\/wp-content\/uploads\/sites\/7\/2020\/05\/drug-lords-celebrate.png\" alt=\"\" class=\"wp-image-288\" srcset=\"https:\/\/rightsreporter.net\/wp-content\/uploads\/sites\/7\/2020\/05\/drug-lords-celebrate.png 641w, https:\/\/rightsreporter.net\/wp-content\/uploads\/sites\/7\/2020\/05\/drug-lords-celebrate-300x169.png 300w\" sizes=\"auto, (max-width: 641px) 100vw, 641px\" \/><\/figure>\n\n\n\n<p><a href=\"https:\/\/drogriporter.hu\/a-drogbarok-becsbe-mentek-unnepelni\/\" target=\"_blank\" rel=\"noreferrer noopener\">NEMZETK\u00d6ZI DROGB\u00c1R\u00d3K \u00dcZENNEK AZ ENSZ-NEK (DRUG LORDS INTERNATIONAL)<\/a><\/p>\n\n\n\n<p>This campaign aimed to raise awareness on the real beneficiaries of the global drug war: the criminal organisations, who are interested in keeping drug illegal<\/p>\n<\/div><\/div>\n\n\n\n<div class=\"wp-block-genesis-blocks-gb-column gb-block-layout-column\"><div class=\"gb-block-layout-column-inner\">\n<figure class=\"wp-block-image size-large\"><img loading=\"lazy\" decoding=\"async\" width=\"1024\" height=\"576\" src=\"https:\/\/rightsreporter.net\/wp-content\/uploads\/sites\/7\/2020\/05\/daretoact-1024x576.jpg\" alt=\"\" class=\"wp-image-290\" srcset=\"https:\/\/rightsreporter.net\/wp-content\/uploads\/sites\/7\/2020\/05\/daretoact-1024x576.jpg 1024w, https:\/\/rightsreporter.net\/wp-content\/uploads\/sites\/7\/2020\/05\/daretoact-300x169.jpg 300w, https:\/\/rightsreporter.net\/wp-content\/uploads\/sites\/7\/2020\/05\/daretoact-768x432.jpg 768w, https:\/\/rightsreporter.net\/wp-content\/uploads\/sites\/7\/2020\/05\/daretoact-1536x864.jpg 1536w, https:\/\/rightsreporter.net\/wp-content\/uploads\/sites\/7\/2020\/05\/daretoact.jpg 1920w\" sizes=\"auto, (max-width: 1024px) 100vw, 1024px\" \/><\/figure>\n\n\n\n<p><a rel=\"noreferrer noopener\" href=\"https:\/\/daretoact.net\/\" target=\"_blank\">MERJ CSELEKEDNI (DARE TO ACT)<\/a><\/p>\n\n\n\n<p>2009-ben ind\u00edtott kamp\u00e1nyunk c\u00e9lja az volt, hogy megk\u00e9rd\u0151jelezz\u00fck az ENSZ drogpolitik\u00e1j\u00e1t \u00e9s levelet k\u00fcldj\u00fcnk az ENSZ K\u00e1b\u00edt\u00f3szer\u00fcgyi Irod\u00e1ja vezet\u0151j\u00e9nek.<\/p>\n<\/div><\/div>\n<\/div><\/div>\n\n\n\n<div style=\"color:#ddd\" class=\"wp-block-genesis-blocks-gb-spacer gb-block-spacer gb-divider-solid gb-divider-size-1\"><hr style=\"height:30px\"\/><\/div>\n","protected":false},"excerpt":{"rendered":"<p>Hazai \u00e9s nemzetk\u00f6zi kamp\u00e1nyokat hozunk l\u00e9tre, els\u0151sorban drogpolitikai \u00e9s \u00e1rtalomcs\u00f6kkent\u00e9s f\u00f3kusszal.<\/p>\n","protected":false},"author":2,"featured_media":433,"parent":0,"menu_order":0,"comment_status":"closed","ping_status":"closed","template":"","meta":{"_genesis_hide_title":false,"_genesis_hide_breadcrumbs":false,"_genesis_hide_singular_image":false,"_genesis_hide_footer_widgets":false,"_genesis_custom_body_class":"","_genesis_custom_post_class":"","_genesis_layout":"full-width-content","footnotes":""},"class_list":{"0":"post-394","1":"page","2":"type-page","3":"status-publish","4":"has-post-thumbnail","6":"entry"},"yoast_head":"<!-- This site is optimized with the Yoast SEO Premium plugin  - https:\/\/yoast.com\/product\/yoast-seo-premium-wordpress\/ -->\n<title>Kamp\u00e1nyok - Rights Reporter<\/title>\n<meta name=\"robots\" content=\"index, follow, max-snippet:-1, max-image-preview:large, max-video-preview:-1\" \/>\n<link rel=\"canonical\" href=\"https:\/\/rightsreporter.net\/hu\/kampanyok\/\" \/>\n<meta property=\"og:locale\" content=\"hu_HU\" \/>\n<meta property=\"og:type\" content=\"article\" \/>\n<meta property=\"og:title\" content=\"Kamp\u00e1nyok\" \/>\n<meta property=\"og:description\" content=\"Hazai \u00e9s nemzetk\u00f6zi kamp\u00e1nyokat hozunk l\u00e9tre, els\u0151sorban drogpolitikai \u00e9s \u00e1rtalomcs\u00f6kkent\u00e9s f\u00f3kusszal.\" \/>\n<meta property=\"og:url\" content=\"https:\/\/rightsreporter.net\/hu\/kampanyok\/\" \/>\n<meta property=\"og:site_name\" content=\"Rights Reporter\" \/>\n<meta property=\"article:modified_time\" content=\"2020-12-07T15:21:15+00:00\" \/>\n<meta property=\"og:image\" content=\"https:\/\/rightsreporter.net\/wp-content\/uploads\/sites\/7\/2020\/05\/networking.jpg\" \/>\n\t<meta property=\"og:image:width\" content=\"1920\" \/>\n\t<meta property=\"og:image:height\" content=\"1080\" \/>\n\t<meta property=\"og:image:type\" content=\"image\/jpeg\" \/>\n<meta name=\"twitter:card\" content=\"summary_large_image\" \/>\n<meta name=\"twitter:label1\" content=\"Becs\u00fclt olvas\u00e1si id\u0151\" \/>\n\t<meta name=\"twitter:data1\" content=\"2 perc\" \/>\n<script type=\"application\/ld+json\" class=\"yoast-schema-graph\">{\"@context\":\"https:\\\/\\\/schema.org\",\"@graph\":[{\"@type\":\"WebPage\",\"@id\":\"https:\\\/\\\/rightsreporter.net\\\/hu\\\/kampanyok\\\/\",\"url\":\"https:\\\/\\\/rightsreporter.net\\\/hu\\\/kampanyok\\\/\",\"name\":\"Kamp\u00e1nyok - Rights Reporter\",\"isPartOf\":{\"@id\":\"https:\\\/\\\/rightsreporter.net\\\/#website\"},\"primaryImageOfPage\":{\"@id\":\"https:\\\/\\\/rightsreporter.net\\\/hu\\\/kampanyok\\\/#primaryimage\"},\"image\":{\"@id\":\"https:\\\/\\\/rightsreporter.net\\\/hu\\\/kampanyok\\\/#primaryimage\"},\"thumbnailUrl\":\"https:\\\/\\\/rightsreporter.net\\\/wp-content\\\/uploads\\\/sites\\\/7\\\/2020\\\/05\\\/networking.jpg\",\"datePublished\":\"2020-05-14T17:43:28+00:00\",\"dateModified\":\"2020-12-07T15:21:15+00:00\",\"breadcrumb\":{\"@id\":\"https:\\\/\\\/rightsreporter.net\\\/hu\\\/kampanyok\\\/#breadcrumb\"},\"inLanguage\":\"hu\",\"potentialAction\":[{\"@type\":\"ReadAction\",\"target\":[\"https:\\\/\\\/rightsreporter.net\\\/hu\\\/kampanyok\\\/\"]}]},{\"@type\":\"ImageObject\",\"inLanguage\":\"hu\",\"@id\":\"https:\\\/\\\/rightsreporter.net\\\/hu\\\/kampanyok\\\/#primaryimage\",\"url\":\"https:\\\/\\\/rightsreporter.net\\\/wp-content\\\/uploads\\\/sites\\\/7\\\/2020\\\/05\\\/networking.jpg\",\"contentUrl\":\"https:\\\/\\\/rightsreporter.net\\\/wp-content\\\/uploads\\\/sites\\\/7\\\/2020\\\/05\\\/networking.jpg\",\"width\":1920,\"height\":1080},{\"@type\":\"BreadcrumbList\",\"@id\":\"https:\\\/\\\/rightsreporter.net\\\/hu\\\/kampanyok\\\/#breadcrumb\",\"itemListElement\":[{\"@type\":\"ListItem\",\"position\":1,\"name\":\"Home\",\"item\":\"https:\\\/\\\/rightsreporter.net\\\/hu\\\/\"},{\"@type\":\"ListItem\",\"position\":2,\"name\":\"Kamp\u00e1nyok\"}]},{\"@type\":\"WebSite\",\"@id\":\"https:\\\/\\\/rightsreporter.net\\\/#website\",\"url\":\"https:\\\/\\\/rightsreporter.net\\\/\",\"name\":\"Rights Reporter\",\"description\":\"Rights Reporter\",\"potentialAction\":[{\"@type\":\"SearchAction\",\"target\":{\"@type\":\"EntryPoint\",\"urlTemplate\":\"https:\\\/\\\/rightsreporter.net\\\/?s={search_term_string}\"},\"query-input\":{\"@type\":\"PropertyValueSpecification\",\"valueRequired\":true,\"valueName\":\"search_term_string\"}}],\"inLanguage\":\"hu\"}]}<\/script>\n<!-- \/ Yoast SEO Premium plugin. -->","yoast_head_json":{"title":"Kamp\u00e1nyok - Rights Reporter","robots":{"index":"index","follow":"follow","max-snippet":"max-snippet:-1","max-image-preview":"max-image-preview:large","max-video-preview":"max-video-preview:-1"},"canonical":"https:\/\/rightsreporter.net\/hu\/kampanyok\/","og_locale":"hu_HU","og_type":"article","og_title":"Kamp\u00e1nyok","og_description":"Hazai \u00e9s nemzetk\u00f6zi kamp\u00e1nyokat hozunk l\u00e9tre, els\u0151sorban drogpolitikai \u00e9s \u00e1rtalomcs\u00f6kkent\u00e9s f\u00f3kusszal.","og_url":"https:\/\/rightsreporter.net\/hu\/kampanyok\/","og_site_name":"Rights Reporter","article_modified_time":"2020-12-07T15:21:15+00:00","og_image":[{"width":1920,"height":1080,"url":"https:\/\/rightsreporter.net\/wp-content\/uploads\/sites\/7\/2020\/05\/networking.jpg","type":"image\/jpeg"}],"twitter_card":"summary_large_image","twitter_misc":{"Becs\u00fclt olvas\u00e1si id\u0151":"2 perc"},"schema":{"@context":"https:\/\/schema.org","@graph":[{"@type":"WebPage","@id":"https:\/\/rightsreporter.net\/hu\/kampanyok\/","url":"https:\/\/rightsreporter.net\/hu\/kampanyok\/","name":"Kamp\u00e1nyok - Rights Reporter","isPartOf":{"@id":"https:\/\/rightsreporter.net\/#website"},"primaryImageOfPage":{"@id":"https:\/\/rightsreporter.net\/hu\/kampanyok\/#primaryimage"},"image":{"@id":"https:\/\/rightsreporter.net\/hu\/kampanyok\/#primaryimage"},"thumbnailUrl":"https:\/\/rightsreporter.net\/wp-content\/uploads\/sites\/7\/2020\/05\/networking.jpg","datePublished":"2020-05-14T17:43:28+00:00","dateModified":"2020-12-07T15:21:15+00:00","breadcrumb":{"@id":"https:\/\/rightsreporter.net\/hu\/kampanyok\/#breadcrumb"},"inLanguage":"hu","potentialAction":[{"@type":"ReadAction","target":["https:\/\/rightsreporter.net\/hu\/kampanyok\/"]}]},{"@type":"ImageObject","inLanguage":"hu","@id":"https:\/\/rightsreporter.net\/hu\/kampanyok\/#primaryimage","url":"https:\/\/rightsreporter.net\/wp-content\/uploads\/sites\/7\/2020\/05\/networking.jpg","contentUrl":"https:\/\/rightsreporter.net\/wp-content\/uploads\/sites\/7\/2020\/05\/networking.jpg","width":1920,"height":1080},{"@type":"BreadcrumbList","@id":"https:\/\/rightsreporter.net\/hu\/kampanyok\/#breadcrumb","itemListElement":[{"@type":"ListItem","position":1,"name":"Home","item":"https:\/\/rightsreporter.net\/hu\/"},{"@type":"ListItem","position":2,"name":"Kamp\u00e1nyok"}]},{"@type":"WebSite","@id":"https:\/\/rightsreporter.net\/#website","url":"https:\/\/rightsreporter.net\/","name":"Rights Reporter","description":"Rights Reporter","potentialAction":[{"@type":"SearchAction","target":{"@type":"EntryPoint","urlTemplate":"https:\/\/rightsreporter.net\/?s={search_term_string}"},"query-input":{"@type":"PropertyValueSpecification","valueRequired":true,"valueName":"search_term_string"}}],"inLanguage":"hu"}]}},"featured_image_src":"https:\/\/rightsreporter.net\/wp-content\/uploads\/sites\/7\/2020\/05\/networking.jpg","featured_image_src_square":"https:\/\/rightsreporter.net\/wp-content\/uploads\/sites\/7\/2020\/05\/networking.jpg","wps_subtitle":"","_links":{"self":[{"href":"https:\/\/rightsreporter.net\/hu\/wp-json\/wp\/v2\/pages\/394","targetHints":{"allow":["GET"]}}],"collection":[{"href":"https:\/\/rightsreporter.net\/hu\/wp-json\/wp\/v2\/pages"}],"about":[{"href":"https:\/\/rightsreporter.net\/hu\/wp-json\/wp\/v2\/types\/page"}],"author":[{"embeddable":true,"href":"https:\/\/rightsreporter.net\/hu\/wp-json\/wp\/v2\/users\/2"}],"replies":[{"embeddable":true,"href":"https:\/\/rightsreporter.net\/hu\/wp-json\/wp\/v2\/comments?post=394"}],"version-history":[{"count":0,"href":"https:\/\/rightsreporter.net\/hu\/wp-json\/wp\/v2\/pages\/394\/revisions"}],"wp:featuredmedia":[{"embeddable":true,"href":"https:\/\/rightsreporter.net\/hu\/wp-json\/wp\/v2\/media\/433"}],"wp:attachment":[{"href":"https:\/\/rightsreporter.net\/hu\/wp-json\/wp\/v2\/media?parent=394"}],"curies":[{"name":"wp","href":"https:\/\/api.w.org\/{rel}","templated":true}]}}