{"id":396,"date":"2020-05-14T17:45:01","date_gmt":"2020-05-14T17:45:01","guid":{"rendered":"https:\/\/rightsreporter.net\/?page_id=396"},"modified":"2020-05-20T10:00:08","modified_gmt":"2020-05-20T10:00:08","slug":"mediamunka","status":"publish","type":"page","link":"https:\/\/rightsreporter.net\/hu\/mediamunka\/","title":{"rendered":"M\u00e9diamunka"},"content":{"rendered":"\n<figure class=\"wp-block-image size-full\"><img loading=\"lazy\" decoding=\"async\" width=\"1920\" height=\"1080\" src=\"https:\/\/rightsreporter.net\/wp-content\/uploads\/sites\/7\/2020\/05\/mediawork.jpg\" alt=\"\" class=\"wp-image-470\" srcset=\"https:\/\/rightsreporter.net\/wp-content\/uploads\/sites\/7\/2020\/05\/mediawork.jpg 1920w, https:\/\/rightsreporter.net\/wp-content\/uploads\/sites\/7\/2020\/05\/mediawork-300x169.jpg 300w, https:\/\/rightsreporter.net\/wp-content\/uploads\/sites\/7\/2020\/05\/mediawork-1024x576.jpg 1024w, https:\/\/rightsreporter.net\/wp-content\/uploads\/sites\/7\/2020\/05\/mediawork-768x432.jpg 768w, https:\/\/rightsreporter.net\/wp-content\/uploads\/sites\/7\/2020\/05\/mediawork-1536x864.jpg 1536w\" sizes=\"auto, (max-width: 1920px) 100vw, 1920px\" \/><\/figure>\n\n\n\n<p>Gyakran szerepl\u00fcnk a m\u00e9di\u00e1ban, ahol a kiszolg\u00e1ltatott csoportok perspekt\u00edv\u00e1j\u00e1b\u00f3l sz\u00f3lalunk fel emberi jogi k\u00e9rd\u00e9sekben.<\/p>\n\n\n\n<!--more-->\n\n\n\n<h3 class=\"wp-block-heading\">Egy p\u00e1r p\u00e9lda m\u00e9diaszerepl\u00e9seinkb\u0151l:<\/h3>\n\n\n\n<figure class=\"wp-block-embed-youtube wp-block-embed is-type-video is-provider-youtube wp-embed-aspect-16-9 wp-has-aspect-ratio\"><div class=\"wp-block-embed__wrapper\">\n<iframe loading=\"lazy\" title=\"Sikeres a magyar drogellenes strat\u00e9gia?\" width=\"500\" height=\"281\" src=\"https:\/\/www.youtube.com\/embed\/h-0l0CIVNOA?feature=oembed\" frameborder=\"0\" allow=\"accelerometer; autoplay; clipboard-write; encrypted-media; gyroscope; picture-in-picture; web-share\" referrerpolicy=\"strict-origin-when-cross-origin\" allowfullscreen><\/iframe>\n<\/div><\/figure>\n\n\n\n<figure class=\"wp-block-embed-youtube wp-block-embed is-type-video is-provider-youtube wp-embed-aspect-16-9 wp-has-aspect-ratio\"><div class=\"wp-block-embed__wrapper\">\n<iframe loading=\"lazy\" title=\"Mi a baj az \u00faj drogstrat\u00e9gi\u00e1val a J\u00f3zsefv\u00e1rosban?\" width=\"500\" height=\"281\" src=\"https:\/\/www.youtube.com\/embed\/1_xq3fIyNu4?feature=oembed\" frameborder=\"0\" allow=\"accelerometer; autoplay; clipboard-write; encrypted-media; gyroscope; picture-in-picture; web-share\" referrerpolicy=\"strict-origin-when-cross-origin\" allowfullscreen><\/iframe>\n<\/div><\/figure>\n\n\n\n<figure class=\"wp-block-embed-youtube wp-block-embed is-type-video is-provider-youtube wp-embed-aspect-16-9 wp-has-aspect-ratio\"><div class=\"wp-block-embed__wrapper\">\n<iframe loading=\"lazy\" title=\"Drogprevenci\u00f3 helyett iskolarend\u0151r?\" width=\"500\" height=\"281\" src=\"https:\/\/www.youtube.com\/embed\/GALkdEKovtw?feature=oembed\" frameborder=\"0\" allow=\"accelerometer; autoplay; clipboard-write; encrypted-media; gyroscope; picture-in-picture; web-share\" referrerpolicy=\"strict-origin-when-cross-origin\" allowfullscreen><\/iframe>\n<\/div><\/figure>\n","protected":false},"excerpt":{"rendered":"<p>Gyakran szerepl\u00fcnk a m\u00e9di\u00e1ban, ahol a kiszolg\u00e1ltatott csoportok perspekt\u00edv\u00e1j\u00e1b\u00f3l sz\u00f3lalunk fel emberi jogi k\u00e9rd\u00e9sekben.<\/p>\n","protected":false},"author":2,"featured_media":493,"parent":0,"menu_order":0,"comment_status":"closed","ping_status":"closed","template":"","meta":{"_genesis_hide_title":false,"_genesis_hide_breadcrumbs":false,"_genesis_hide_singular_image":false,"_genesis_hide_footer_widgets":false,"_genesis_custom_body_class":"","_genesis_custom_post_class":"","_genesis_layout":"full-width-content","footnotes":""},"class_list":{"0":"post-396","1":"page","2":"type-page","3":"status-publish","4":"has-post-thumbnail","6":"entry"},"yoast_head":"<!-- This site is optimized with the Yoast SEO Premium plugin  - https:\/\/yoast.com\/product\/yoast-seo-premium-wordpress\/ -->\n<title>M\u00e9diamunka - Rights Reporter<\/title>\n<meta name=\"robots\" content=\"index, follow, max-snippet:-1, max-image-preview:large, max-video-preview:-1\" \/>\n<link rel=\"canonical\" href=\"https:\/\/rightsreporter.net\/hu\/mediamunka\/\" \/>\n<meta property=\"og:locale\" content=\"hu_HU\" \/>\n<meta property=\"og:type\" content=\"article\" \/>\n<meta property=\"og:title\" content=\"M\u00e9diamunka\" \/>\n<meta property=\"og:description\" content=\"Gyakran szerepl\u00fcnk a m\u00e9di\u00e1ban, ahol a kiszolg\u00e1ltatott csoportok perspekt\u00edv\u00e1j\u00e1b\u00f3l sz\u00f3lalunk fel emberi jogi k\u00e9rd\u00e9sekben.\" \/>\n<meta property=\"og:url\" content=\"https:\/\/rightsreporter.net\/hu\/mediamunka\/\" \/>\n<meta property=\"og:site_name\" content=\"Rights Reporter\" \/>\n<meta property=\"article:modified_time\" content=\"2020-05-20T10:00:08+00:00\" \/>\n<meta property=\"og:image\" content=\"https:\/\/rightsreporter.net\/wp-content\/uploads\/sites\/7\/2020\/05\/media.jpg\" \/>\n\t<meta property=\"og:image:width\" content=\"1920\" \/>\n\t<meta property=\"og:image:height\" content=\"1080\" \/>\n\t<meta property=\"og:image:type\" content=\"image\/jpeg\" \/>\n<meta name=\"twitter:card\" content=\"summary_large_image\" \/>\n<script type=\"application\/ld+json\" class=\"yoast-schema-graph\">{\"@context\":\"https:\\\/\\\/schema.org\",\"@graph\":[{\"@type\":\"WebPage\",\"@id\":\"https:\\\/\\\/rightsreporter.net\\\/hu\\\/mediamunka\\\/\",\"url\":\"https:\\\/\\\/rightsreporter.net\\\/hu\\\/mediamunka\\\/\",\"name\":\"M\u00e9diamunka - Rights Reporter\",\"isPartOf\":{\"@id\":\"https:\\\/\\\/rightsreporter.net\\\/#website\"},\"primaryImageOfPage\":{\"@id\":\"https:\\\/\\\/rightsreporter.net\\\/hu\\\/mediamunka\\\/#primaryimage\"},\"image\":{\"@id\":\"https:\\\/\\\/rightsreporter.net\\\/hu\\\/mediamunka\\\/#primaryimage\"},\"thumbnailUrl\":\"https:\\\/\\\/rightsreporter.net\\\/wp-content\\\/uploads\\\/sites\\\/7\\\/2020\\\/05\\\/media.jpg\",\"datePublished\":\"2020-05-14T17:45:01+00:00\",\"dateModified\":\"2020-05-20T10:00:08+00:00\",\"breadcrumb\":{\"@id\":\"https:\\\/\\\/rightsreporter.net\\\/hu\\\/mediamunka\\\/#breadcrumb\"},\"inLanguage\":\"hu\",\"potentialAction\":[{\"@type\":\"ReadAction\",\"target\":[\"https:\\\/\\\/rightsreporter.net\\\/hu\\\/mediamunka\\\/\"]}]},{\"@type\":\"ImageObject\",\"inLanguage\":\"hu\",\"@id\":\"https:\\\/\\\/rightsreporter.net\\\/hu\\\/mediamunka\\\/#primaryimage\",\"url\":\"https:\\\/\\\/rightsreporter.net\\\/wp-content\\\/uploads\\\/sites\\\/7\\\/2020\\\/05\\\/media.jpg\",\"contentUrl\":\"https:\\\/\\\/rightsreporter.net\\\/wp-content\\\/uploads\\\/sites\\\/7\\\/2020\\\/05\\\/media.jpg\",\"width\":1920,\"height\":1080},{\"@type\":\"BreadcrumbList\",\"@id\":\"https:\\\/\\\/rightsreporter.net\\\/hu\\\/mediamunka\\\/#breadcrumb\",\"itemListElement\":[{\"@type\":\"ListItem\",\"position\":1,\"name\":\"Home\",\"item\":\"https:\\\/\\\/rightsreporter.net\\\/hu\\\/\"},{\"@type\":\"ListItem\",\"position\":2,\"name\":\"M\u00e9diamunka\"}]},{\"@type\":\"WebSite\",\"@id\":\"https:\\\/\\\/rightsreporter.net\\\/#website\",\"url\":\"https:\\\/\\\/rightsreporter.net\\\/\",\"name\":\"Rights Reporter\",\"description\":\"Rights Reporter\",\"potentialAction\":[{\"@type\":\"SearchAction\",\"target\":{\"@type\":\"EntryPoint\",\"urlTemplate\":\"https:\\\/\\\/rightsreporter.net\\\/?s={search_term_string}\"},\"query-input\":{\"@type\":\"PropertyValueSpecification\",\"valueRequired\":true,\"valueName\":\"search_term_string\"}}],\"inLanguage\":\"hu\"}]}<\/script>\n<!-- \/ Yoast SEO Premium plugin. -->","yoast_head_json":{"title":"M\u00e9diamunka - Rights Reporter","robots":{"index":"index","follow":"follow","max-snippet":"max-snippet:-1","max-image-preview":"max-image-preview:large","max-video-preview":"max-video-preview:-1"},"canonical":"https:\/\/rightsreporter.net\/hu\/mediamunka\/","og_locale":"hu_HU","og_type":"article","og_title":"M\u00e9diamunka","og_description":"Gyakran szerepl\u00fcnk a m\u00e9di\u00e1ban, ahol a kiszolg\u00e1ltatott csoportok perspekt\u00edv\u00e1j\u00e1b\u00f3l sz\u00f3lalunk fel emberi jogi k\u00e9rd\u00e9sekben.","og_url":"https:\/\/rightsreporter.net\/hu\/mediamunka\/","og_site_name":"Rights Reporter","article_modified_time":"2020-05-20T10:00:08+00:00","og_image":[{"width":1920,"height":1080,"url":"https:\/\/rightsreporter.net\/wp-content\/uploads\/sites\/7\/2020\/05\/media.jpg","type":"image\/jpeg"}],"twitter_card":"summary_large_image","schema":{"@context":"https:\/\/schema.org","@graph":[{"@type":"WebPage","@id":"https:\/\/rightsreporter.net\/hu\/mediamunka\/","url":"https:\/\/rightsreporter.net\/hu\/mediamunka\/","name":"M\u00e9diamunka - Rights Reporter","isPartOf":{"@id":"https:\/\/rightsreporter.net\/#website"},"primaryImageOfPage":{"@id":"https:\/\/rightsreporter.net\/hu\/mediamunka\/#primaryimage"},"image":{"@id":"https:\/\/rightsreporter.net\/hu\/mediamunka\/#primaryimage"},"thumbnailUrl":"https:\/\/rightsreporter.net\/wp-content\/uploads\/sites\/7\/2020\/05\/media.jpg","datePublished":"2020-05-14T17:45:01+00:00","dateModified":"2020-05-20T10:00:08+00:00","breadcrumb":{"@id":"https:\/\/rightsreporter.net\/hu\/mediamunka\/#breadcrumb"},"inLanguage":"hu","potentialAction":[{"@type":"ReadAction","target":["https:\/\/rightsreporter.net\/hu\/mediamunka\/"]}]},{"@type":"ImageObject","inLanguage":"hu","@id":"https:\/\/rightsreporter.net\/hu\/mediamunka\/#primaryimage","url":"https:\/\/rightsreporter.net\/wp-content\/uploads\/sites\/7\/2020\/05\/media.jpg","contentUrl":"https:\/\/rightsreporter.net\/wp-content\/uploads\/sites\/7\/2020\/05\/media.jpg","width":1920,"height":1080},{"@type":"BreadcrumbList","@id":"https:\/\/rightsreporter.net\/hu\/mediamunka\/#breadcrumb","itemListElement":[{"@type":"ListItem","position":1,"name":"Home","item":"https:\/\/rightsreporter.net\/hu\/"},{"@type":"ListItem","position":2,"name":"M\u00e9diamunka"}]},{"@type":"WebSite","@id":"https:\/\/rightsreporter.net\/#website","url":"https:\/\/rightsreporter.net\/","name":"Rights Reporter","description":"Rights Reporter","potentialAction":[{"@type":"SearchAction","target":{"@type":"EntryPoint","urlTemplate":"https:\/\/rightsreporter.net\/?s={search_term_string}"},"query-input":{"@type":"PropertyValueSpecification","valueRequired":true,"valueName":"search_term_string"}}],"inLanguage":"hu"}]}},"featured_image_src":"https:\/\/rightsreporter.net\/wp-content\/uploads\/sites\/7\/2020\/05\/media.jpg","featured_image_src_square":"https:\/\/rightsreporter.net\/wp-content\/uploads\/sites\/7\/2020\/05\/media.jpg","wps_subtitle":"","_links":{"self":[{"href":"https:\/\/rightsreporter.net\/hu\/wp-json\/wp\/v2\/pages\/396","targetHints":{"allow":["GET"]}}],"collection":[{"href":"https:\/\/rightsreporter.net\/hu\/wp-json\/wp\/v2\/pages"}],"about":[{"href":"https:\/\/rightsreporter.net\/hu\/wp-json\/wp\/v2\/types\/page"}],"author":[{"embeddable":true,"href":"https:\/\/rightsreporter.net\/hu\/wp-json\/wp\/v2\/users\/2"}],"replies":[{"embeddable":true,"href":"https:\/\/rightsreporter.net\/hu\/wp-json\/wp\/v2\/comments?post=396"}],"version-history":[{"count":0,"href":"https:\/\/rightsreporter.net\/hu\/wp-json\/wp\/v2\/pages\/396\/revisions"}],"wp:featuredmedia":[{"embeddable":true,"href":"https:\/\/rightsreporter.net\/hu\/wp-json\/wp\/v2\/media\/493"}],"wp:attachment":[{"href":"https:\/\/rightsreporter.net\/hu\/wp-json\/wp\/v2\/media?parent=396"}],"curies":[{"name":"wp","href":"https:\/\/api.w.org\/{rel}","templated":true}]}}