{"id":403,"date":"2020-05-14T18:04:19","date_gmt":"2020-05-14T18:04:19","guid":{"rendered":"https:\/\/rightsreporter.net\/?page_id=403"},"modified":"2020-05-20T10:01:28","modified_gmt":"2020-05-20T10:01:28","slug":"kutatas-es-publikacio","status":"publish","type":"page","link":"https:\/\/rightsreporter.net\/hu\/kutatas-es-publikacio\/","title":{"rendered":"Kutat\u00e1s \u00e9s publik\u00e1ci\u00f3"},"content":{"rendered":"\n<figure class=\"wp-block-image size-full\"><img loading=\"lazy\" decoding=\"async\" width=\"1920\" height=\"1080\" src=\"https:\/\/rightsreporter.net\/wp-content\/uploads\/sites\/7\/2020\/05\/kutatas.jpg\" alt=\"\" class=\"wp-image-496\" srcset=\"https:\/\/rightsreporter.net\/wp-content\/uploads\/sites\/7\/2020\/05\/kutatas.jpg 1920w, https:\/\/rightsreporter.net\/wp-content\/uploads\/sites\/7\/2020\/05\/kutatas-300x169.jpg 300w, https:\/\/rightsreporter.net\/wp-content\/uploads\/sites\/7\/2020\/05\/kutatas-1024x576.jpg 1024w, https:\/\/rightsreporter.net\/wp-content\/uploads\/sites\/7\/2020\/05\/kutatas-768x432.jpg 768w, https:\/\/rightsreporter.net\/wp-content\/uploads\/sites\/7\/2020\/05\/kutatas-1536x864.jpg 1536w\" sizes=\"auto, (max-width: 1920px) 100vw, 1920px\" \/><\/figure>\n\n\n\n<p>Saj\u00e1t kutat\u00e1saink mellett nemzetk\u00f6zi kutat\u00e1sokban \u00e9s tanulm\u00e1nyok publik\u00e1ci\u00f3j\u0171ban is r\u00e9szt vesz\u00fcnk.<\/p>\n\n\n\n<!--more-->\n\n\n\n<h3 class=\"wp-block-heading\">P\u00e1r p\u00e9lda publik\u00e1ci\u00f3inkra (Angol nyelven):<\/h3>\n\n\n\n<div class=\"wp-block-columns has-background is-layout-flex wp-container-core-columns-is-layout-9d6595d7 wp-block-columns-is-layout-flex\" style=\"background-color:#f2f2f2\">\n<div class=\"wp-block-column is-layout-flow wp-block-column-is-layout-flow\">\n<figure class=\"wp-block-image size-large\"><img loading=\"lazy\" decoding=\"async\" width=\"441\" height=\"623\" src=\"https:\/\/rightsreporter.net\/wp-content\/uploads\/sites\/7\/2020\/05\/nspresearch-2.jpg\" alt=\"\" class=\"wp-image-307\" srcset=\"https:\/\/rightsreporter.net\/wp-content\/uploads\/sites\/7\/2020\/05\/nspresearch-2.jpg 441w, https:\/\/rightsreporter.net\/wp-content\/uploads\/sites\/7\/2020\/05\/nspresearch-2-212x300.jpg 212w\" sizes=\"auto, (max-width: 441px) 100vw, 441px\" \/><\/figure>\n\n\n\n<p><a rel=\"noreferrer noopener\" href=\"https:\/\/drogriporter.hu\/en\/nsp-research\/\" target=\"_blank\">KUTAT\u00c1S A BUDAPESTI \u00c9S BELGR\u00c1DI BEZ\u00c1RT T\u0170CSEREPROGRAMOK VOLT \u00dcGYFELEIVEL<\/a><\/p>\n\n\n\n<p>A kutat\u00e1s amit a k\u00e9t v\u00e1ros bez\u00e1rt t\u0171csereprogramjainak klient\u00far\u00e1j\u00e1val k\u00e9sz\u00edtett\u00fcnk megmutatja, milyen helyzetben vannak a r\u00e9gi\u00f3nk marginaliz\u00e1lt droghaszn\u00e1l\u00f3i (Angol nyelven)<\/p>\n<\/div>\n\n\n\n<div class=\"wp-block-column is-layout-flow wp-block-column-is-layout-flow\">\n<figure class=\"wp-block-image size-large\"><img loading=\"lazy\" decoding=\"async\" width=\"441\" height=\"623\" src=\"https:\/\/rightsreporter.net\/wp-content\/uploads\/sites\/7\/2020\/05\/civilsocietyaction-1.jpg\" alt=\"\" class=\"wp-image-309\" srcset=\"https:\/\/rightsreporter.net\/wp-content\/uploads\/sites\/7\/2020\/05\/civilsocietyaction-1.jpg 441w, https:\/\/rightsreporter.net\/wp-content\/uploads\/sites\/7\/2020\/05\/civilsocietyaction-1-212x300.jpg 212w\" sizes=\"auto, (max-width: 441px) 100vw, 441px\" \/><\/figure>\n\n\n\n<p><a rel=\"noreferrer noopener\" href=\"https:\/\/drogriporter.hu\/en\/the-not-so-balanced-approach-policy-responses-to-new-psychoactive-substances\/\" target=\"_blank\">A NEM ANNYIRA KIEGYENS\u00daLYOZOTT MEGK\u00d6ZEL\u00cdT\u00c9S &#8211; POLITIKAI V\u00c1LASZOK AZ \u00daJ PSZICHOAKT\u00cdV SZEREKRE<\/a><\/p>\n\n\n\n<p>\u00d6t eur\u00f3pai orsz\u00e1g (Magyarorsz\u00e1g, Lengyelorsz\u00e1g, Portug\u00e1lia, Rom\u00e1nia \u00e9s Szerbia) \u00faj pszichoakt\u00edv szerekre adott v\u00e1lasz\u00e1t hasonl\u00edtja \u00f6ssze kutat\u00f3k, szolg\u00e1ltat\u00f3k, rend\u0151rs\u00e9g \u00e9s aktivist\u00e1k perspekt\u00edv\u00e1j\u00e1b\u00f3l. (Angol nyelven)<\/p>\n<\/div>\n\n\n\n<div class=\"wp-block-column is-layout-flow wp-block-column-is-layout-flow\">\n<figure class=\"wp-block-image size-large\"><img loading=\"lazy\" decoding=\"async\" width=\"441\" height=\"623\" src=\"https:\/\/rightsreporter.net\/wp-content\/uploads\/sites\/7\/2020\/05\/notsobalanced-1.jpg\" alt=\"\" class=\"wp-image-311\" srcset=\"https:\/\/rightsreporter.net\/wp-content\/uploads\/sites\/7\/2020\/05\/notsobalanced-1.jpg 441w, https:\/\/rightsreporter.net\/wp-content\/uploads\/sites\/7\/2020\/05\/notsobalanced-1-212x300.jpg 212w\" sizes=\"auto, (max-width: 441px) 100vw, 441px\" \/><\/figure>\n\n\n\n<p><a rel=\"noreferrer noopener\" href=\"https:\/\/drogriporter.hu\/en\/csfcasestudies\/\" target=\"_blank\">MI M\u0170K\u00d6DIK A TEREPEN EUR\u00d3P\u00c1BAN?<\/a><\/p>\n\n\n\n<p>H\u00e1rom orzs\u00e1gb\u00f3l vett j\u00f3 p\u00e9ld\u00e1t mutatjuk be a kereslet- \u00e9s \u00e1rtalomcs\u00f6kkent\u00e9s ter\u00fclet\u00e9r\u0151l. (Angol nyelven)<\/p>\n<\/div>\n<\/div>\n","protected":false},"excerpt":{"rendered":"<p>Saj\u00e1t kutat\u00e1saink mellett nemzetk\u00f6zi kutat\u00e1sokban \u00e9s tanulm\u00e1nyok publik\u00e1ci\u00f3j\u0171ban is r\u00e9szt vesz\u00fcnk.<\/p>\n","protected":false},"author":2,"featured_media":496,"parent":0,"menu_order":0,"comment_status":"closed","ping_status":"closed","template":"","meta":{"_genesis_hide_title":false,"_genesis_hide_breadcrumbs":false,"_genesis_hide_singular_image":false,"_genesis_hide_footer_widgets":false,"_genesis_custom_body_class":"","_genesis_custom_post_class":"","_genesis_layout":"full-width-content","footnotes":""},"class_list":{"0":"post-403","1":"page","2":"type-page","3":"status-publish","4":"has-post-thumbnail","6":"entry"},"yoast_head":"<!-- This site is optimized with the Yoast SEO Premium plugin  - https:\/\/yoast.com\/product\/yoast-seo-premium-wordpress\/ -->\n<title>Kutat\u00e1s \u00e9s publik\u00e1ci\u00f3 - Rights Reporter<\/title>\n<meta name=\"robots\" content=\"index, follow, max-snippet:-1, max-image-preview:large, max-video-preview:-1\" \/>\n<link rel=\"canonical\" href=\"https:\/\/rightsreporter.net\/hu\/kutatas-es-publikacio\/\" \/>\n<meta property=\"og:locale\" content=\"hu_HU\" \/>\n<meta property=\"og:type\" content=\"article\" \/>\n<meta property=\"og:title\" content=\"Kutat\u00e1s \u00e9s publik\u00e1ci\u00f3\" \/>\n<meta property=\"og:description\" content=\"Saj\u00e1t kutat\u00e1saink mellett nemzetk\u00f6zi kutat\u00e1sokban \u00e9s tanulm\u00e1nyok publik\u00e1ci\u00f3j\u0171ban is r\u00e9szt vesz\u00fcnk.\" \/>\n<meta property=\"og:url\" content=\"https:\/\/rightsreporter.net\/hu\/kutatas-es-publikacio\/\" \/>\n<meta property=\"og:site_name\" content=\"Rights Reporter\" \/>\n<meta property=\"article:modified_time\" content=\"2020-05-20T10:01:28+00:00\" \/>\n<meta property=\"og:image\" content=\"https:\/\/rightsreporter.net\/wp-content\/uploads\/sites\/7\/2020\/05\/kutatas.jpg\" \/>\n\t<meta property=\"og:image:width\" content=\"1920\" \/>\n\t<meta property=\"og:image:height\" content=\"1080\" \/>\n\t<meta property=\"og:image:type\" content=\"image\/jpeg\" \/>\n<meta name=\"twitter:card\" content=\"summary_large_image\" \/>\n<meta name=\"twitter:label1\" content=\"Becs\u00fclt olvas\u00e1si id\u0151\" \/>\n\t<meta name=\"twitter:data1\" content=\"1 perc\" \/>\n<script type=\"application\/ld+json\" class=\"yoast-schema-graph\">{\"@context\":\"https:\\\/\\\/schema.org\",\"@graph\":[{\"@type\":\"WebPage\",\"@id\":\"https:\\\/\\\/rightsreporter.net\\\/hu\\\/kutatas-es-publikacio\\\/\",\"url\":\"https:\\\/\\\/rightsreporter.net\\\/hu\\\/kutatas-es-publikacio\\\/\",\"name\":\"Kutat\u00e1s \u00e9s publik\u00e1ci\u00f3 - Rights Reporter\",\"isPartOf\":{\"@id\":\"https:\\\/\\\/rightsreporter.net\\\/#website\"},\"primaryImageOfPage\":{\"@id\":\"https:\\\/\\\/rightsreporter.net\\\/hu\\\/kutatas-es-publikacio\\\/#primaryimage\"},\"image\":{\"@id\":\"https:\\\/\\\/rightsreporter.net\\\/hu\\\/kutatas-es-publikacio\\\/#primaryimage\"},\"thumbnailUrl\":\"https:\\\/\\\/rightsreporter.net\\\/wp-content\\\/uploads\\\/sites\\\/7\\\/2020\\\/05\\\/kutatas.jpg\",\"datePublished\":\"2020-05-14T18:04:19+00:00\",\"dateModified\":\"2020-05-20T10:01:28+00:00\",\"breadcrumb\":{\"@id\":\"https:\\\/\\\/rightsreporter.net\\\/hu\\\/kutatas-es-publikacio\\\/#breadcrumb\"},\"inLanguage\":\"hu\",\"potentialAction\":[{\"@type\":\"ReadAction\",\"target\":[\"https:\\\/\\\/rightsreporter.net\\\/hu\\\/kutatas-es-publikacio\\\/\"]}]},{\"@type\":\"ImageObject\",\"inLanguage\":\"hu\",\"@id\":\"https:\\\/\\\/rightsreporter.net\\\/hu\\\/kutatas-es-publikacio\\\/#primaryimage\",\"url\":\"https:\\\/\\\/rightsreporter.net\\\/wp-content\\\/uploads\\\/sites\\\/7\\\/2020\\\/05\\\/kutatas.jpg\",\"contentUrl\":\"https:\\\/\\\/rightsreporter.net\\\/wp-content\\\/uploads\\\/sites\\\/7\\\/2020\\\/05\\\/kutatas.jpg\",\"width\":1920,\"height\":1080},{\"@type\":\"BreadcrumbList\",\"@id\":\"https:\\\/\\\/rightsreporter.net\\\/hu\\\/kutatas-es-publikacio\\\/#breadcrumb\",\"itemListElement\":[{\"@type\":\"ListItem\",\"position\":1,\"name\":\"Home\",\"item\":\"https:\\\/\\\/rightsreporter.net\\\/hu\\\/\"},{\"@type\":\"ListItem\",\"position\":2,\"name\":\"Kutat\u00e1s \u00e9s publik\u00e1ci\u00f3\"}]},{\"@type\":\"WebSite\",\"@id\":\"https:\\\/\\\/rightsreporter.net\\\/#website\",\"url\":\"https:\\\/\\\/rightsreporter.net\\\/\",\"name\":\"Rights Reporter\",\"description\":\"Rights Reporter\",\"potentialAction\":[{\"@type\":\"SearchAction\",\"target\":{\"@type\":\"EntryPoint\",\"urlTemplate\":\"https:\\\/\\\/rightsreporter.net\\\/?s={search_term_string}\"},\"query-input\":{\"@type\":\"PropertyValueSpecification\",\"valueRequired\":true,\"valueName\":\"search_term_string\"}}],\"inLanguage\":\"hu\"}]}<\/script>\n<!-- \/ Yoast SEO Premium plugin. -->","yoast_head_json":{"title":"Kutat\u00e1s \u00e9s publik\u00e1ci\u00f3 - Rights Reporter","robots":{"index":"index","follow":"follow","max-snippet":"max-snippet:-1","max-image-preview":"max-image-preview:large","max-video-preview":"max-video-preview:-1"},"canonical":"https:\/\/rightsreporter.net\/hu\/kutatas-es-publikacio\/","og_locale":"hu_HU","og_type":"article","og_title":"Kutat\u00e1s \u00e9s publik\u00e1ci\u00f3","og_description":"Saj\u00e1t kutat\u00e1saink mellett nemzetk\u00f6zi kutat\u00e1sokban \u00e9s tanulm\u00e1nyok publik\u00e1ci\u00f3j\u0171ban is r\u00e9szt vesz\u00fcnk.","og_url":"https:\/\/rightsreporter.net\/hu\/kutatas-es-publikacio\/","og_site_name":"Rights Reporter","article_modified_time":"2020-05-20T10:01:28+00:00","og_image":[{"width":1920,"height":1080,"url":"https:\/\/rightsreporter.net\/wp-content\/uploads\/sites\/7\/2020\/05\/kutatas.jpg","type":"image\/jpeg"}],"twitter_card":"summary_large_image","twitter_misc":{"Becs\u00fclt olvas\u00e1si id\u0151":"1 perc"},"schema":{"@context":"https:\/\/schema.org","@graph":[{"@type":"WebPage","@id":"https:\/\/rightsreporter.net\/hu\/kutatas-es-publikacio\/","url":"https:\/\/rightsreporter.net\/hu\/kutatas-es-publikacio\/","name":"Kutat\u00e1s \u00e9s publik\u00e1ci\u00f3 - Rights Reporter","isPartOf":{"@id":"https:\/\/rightsreporter.net\/#website"},"primaryImageOfPage":{"@id":"https:\/\/rightsreporter.net\/hu\/kutatas-es-publikacio\/#primaryimage"},"image":{"@id":"https:\/\/rightsreporter.net\/hu\/kutatas-es-publikacio\/#primaryimage"},"thumbnailUrl":"https:\/\/rightsreporter.net\/wp-content\/uploads\/sites\/7\/2020\/05\/kutatas.jpg","datePublished":"2020-05-14T18:04:19+00:00","dateModified":"2020-05-20T10:01:28+00:00","breadcrumb":{"@id":"https:\/\/rightsreporter.net\/hu\/kutatas-es-publikacio\/#breadcrumb"},"inLanguage":"hu","potentialAction":[{"@type":"ReadAction","target":["https:\/\/rightsreporter.net\/hu\/kutatas-es-publikacio\/"]}]},{"@type":"ImageObject","inLanguage":"hu","@id":"https:\/\/rightsreporter.net\/hu\/kutatas-es-publikacio\/#primaryimage","url":"https:\/\/rightsreporter.net\/wp-content\/uploads\/sites\/7\/2020\/05\/kutatas.jpg","contentUrl":"https:\/\/rightsreporter.net\/wp-content\/uploads\/sites\/7\/2020\/05\/kutatas.jpg","width":1920,"height":1080},{"@type":"BreadcrumbList","@id":"https:\/\/rightsreporter.net\/hu\/kutatas-es-publikacio\/#breadcrumb","itemListElement":[{"@type":"ListItem","position":1,"name":"Home","item":"https:\/\/rightsreporter.net\/hu\/"},{"@type":"ListItem","position":2,"name":"Kutat\u00e1s \u00e9s publik\u00e1ci\u00f3"}]},{"@type":"WebSite","@id":"https:\/\/rightsreporter.net\/#website","url":"https:\/\/rightsreporter.net\/","name":"Rights Reporter","description":"Rights Reporter","potentialAction":[{"@type":"SearchAction","target":{"@type":"EntryPoint","urlTemplate":"https:\/\/rightsreporter.net\/?s={search_term_string}"},"query-input":{"@type":"PropertyValueSpecification","valueRequired":true,"valueName":"search_term_string"}}],"inLanguage":"hu"}]}},"featured_image_src":"https:\/\/rightsreporter.net\/wp-content\/uploads\/sites\/7\/2020\/05\/kutatas.jpg","featured_image_src_square":"https:\/\/rightsreporter.net\/wp-content\/uploads\/sites\/7\/2020\/05\/kutatas.jpg","wps_subtitle":"","_links":{"self":[{"href":"https:\/\/rightsreporter.net\/hu\/wp-json\/wp\/v2\/pages\/403","targetHints":{"allow":["GET"]}}],"collection":[{"href":"https:\/\/rightsreporter.net\/hu\/wp-json\/wp\/v2\/pages"}],"about":[{"href":"https:\/\/rightsreporter.net\/hu\/wp-json\/wp\/v2\/types\/page"}],"author":[{"embeddable":true,"href":"https:\/\/rightsreporter.net\/hu\/wp-json\/wp\/v2\/users\/2"}],"replies":[{"embeddable":true,"href":"https:\/\/rightsreporter.net\/hu\/wp-json\/wp\/v2\/comments?post=403"}],"version-history":[{"count":0,"href":"https:\/\/rightsreporter.net\/hu\/wp-json\/wp\/v2\/pages\/403\/revisions"}],"wp:featuredmedia":[{"embeddable":true,"href":"https:\/\/rightsreporter.net\/hu\/wp-json\/wp\/v2\/media\/496"}],"wp:attachment":[{"href":"https:\/\/rightsreporter.net\/hu\/wp-json\/wp\/v2\/media?parent=403"}],"curies":[{"name":"wp","href":"https:\/\/api.w.org\/{rel}","templated":true}]}}